{"id":2,"date":"2016-04-02T16:09:28","date_gmt":"2016-04-02T16:09:28","guid":{"rendered":"http:\/\/lapetitegaillarde.apps-1and1.net\/?page_id=2"},"modified":"2025-08-11T10:00:52","modified_gmt":"2025-08-11T10:00:52","slug":"sample-page","status":"publish","type":"page","link":"https:\/\/lapetitegaillarde.fr\/","title":{"rendered":"Bienvenue \u00e0 la Petite Gaillarde"},"content":{"rendered":"<figure id=\"attachment_2059\" aria-describedby=\"caption-attachment-2059\" style=\"width: 73px\" class=\"wp-caption alignright\"><a href=\"https:\/\/www.facebook.com\/lapetitegaillarde\/\"><img loading=\"lazy\" decoding=\"async\" class=\"wp-image-2059\" src=\"https:\/\/lapetitegaillarde.fr\/wp-content\/uploads\/2021\/12\/logo-facebook.png\" alt=\"\" width=\"73\" height=\"73\" srcset=\"https:\/\/lapetitegaillarde.fr\/wp-content\/uploads\/2021\/12\/logo-facebook.png 270w, https:\/\/lapetitegaillarde.fr\/wp-content\/uploads\/2021\/12\/logo-facebook-150x150.png 150w\" sizes=\"auto, (max-width: 73px) 100vw, 73px\" \/><\/a><figcaption id=\"caption-attachment-2059\" class=\"wp-caption-text\">\u00a0<\/figcaption><\/figure>\n<p><img loading=\"lazy\" decoding=\"async\" class=\"wp-image-10 alignleft\" src=\"https:\/\/lapetitegaillarde.fr\/wp-content\/uploads\/2016\/04\/cropped-logo-300x300.png\" alt=\"cropped-logo.png\" width=\"246\" height=\"246\" srcset=\"https:\/\/lapetitegaillarde.fr\/wp-content\/uploads\/2016\/04\/cropped-logo-300x300.png 300w, https:\/\/lapetitegaillarde.fr\/wp-content\/uploads\/2016\/04\/cropped-logo-150x150.png 150w, https:\/\/lapetitegaillarde.fr\/wp-content\/uploads\/2016\/04\/cropped-logo-270x270.png 270w, https:\/\/lapetitegaillarde.fr\/wp-content\/uploads\/2016\/04\/cropped-logo-192x192.png 192w, https:\/\/lapetitegaillarde.fr\/wp-content\/uploads\/2016\/04\/cropped-logo-180x180.png 180w, https:\/\/lapetitegaillarde.fr\/wp-content\/uploads\/2016\/04\/cropped-logo-32x32.png 32w, https:\/\/lapetitegaillarde.fr\/wp-content\/uploads\/2016\/04\/cropped-logo.png 512w\" sizes=\"auto, (max-width: 246px) 100vw, 246px\" \/><\/p>\n<p>Depuis sa naissance, <strong>La Petite Gaillarde<\/strong> a bien grandi ! Des artistes de tous les horizons se sont pench\u00e9s sur son berceau pour lui assurer une belle vie. Elle s&rsquo;est impos\u00e9e comme lieu de diffusion incontournable sur Clermont-Ferrand.\u00a0<\/p>\n<p>De part sa configuration et sa petite jauge, <strong>La Petite Gaillarde<\/strong> offre aux spectateurs et aux artistes, proximit\u00e9 et intimit\u00e9, \u00e9l\u00e9ments qui en font sa sp\u00e9cificit\u00e9 et sont propices aux \u00e9changes. Elle est un lieu o\u00f9 la rencontre artistique et culturelle prend tout son sens.<\/p>\n<p>Aujourd&rsquo;hui, <strong>La Petite Gaillarde<\/strong> propose une programmation color\u00e9e, pleine de diversit\u00e9 et de cr\u00e9ativit\u00e9 : Th\u00e9\u00e2tre, chansons, marionnettes, contes, clowns, concerts &#8230; Il y en a pour tous les go\u00fbts, pour tous les \u00e2ges !<\/p>\n<p>Lieu de diffusion, <strong>La Petite Gaillarde<\/strong> est \u00e9galement lieu de cr\u00e9ation et de r\u00e9p\u00e9tition. Artistes et compagnies locales l&rsquo;investissent en semaine et week-end pour travailler.<\/p>\n<p><strong>\u00a0<\/strong><\/p>\n<p><strong><img loading=\"lazy\" decoding=\"async\" class=\"wp-image-62 alignright\" src=\"https:\/\/lapetitegaillarde.fr\/wp-content\/uploads\/2016\/04\/logo-peuple-et-culture-226x300.png\" alt=\"logo peuple et culture\" width=\"137\" height=\"182\" srcset=\"https:\/\/lapetitegaillarde.fr\/wp-content\/uploads\/2016\/04\/logo-peuple-et-culture-226x300.png 226w, https:\/\/lapetitegaillarde.fr\/wp-content\/uploads\/2016\/04\/logo-peuple-et-culture.png 271w\" sizes=\"auto, (max-width: 137px) 100vw, 137px\" \/><\/strong><\/p>\n<\/p>\n<p><strong>La Petite Gaillarde<\/strong> est g\u00e9r\u00e9e par <strong><em>Peuple et Culture<\/em><\/strong>, association loi 1901 d&rsquo;Education Populaire, membre de l&rsquo;Union Peuple et Culture, agr\u00e9\u00e9e par le Minist\u00e8re de la Jeunesse et des Sports, agr\u00e9\u00e9e association compl\u00e9mentaire de l&rsquo;Enseignement Public, et agr\u00e9\u00e9e Tourisme.<\/p>\n<p><strong><em>Peuple et Culture Puy-De-D\u00f4me<\/em><\/strong> agit pour le partage de la culture, l&rsquo;\u00e9galit\u00e9 des chances, le d\u00e9veloppement de l&rsquo;\u00e9ducation tout au long de la vie et pour permettre aux hommes, aux femmes, d&rsquo;\u00eatre libre et ma\u00eetre de leur destin.<\/p>\n<p><strong>Avec le soutien de la Ville de Clermont-Ferrand<\/strong><\/p>\n\n\n<p>Guide KAYAK <a href=\"https:\/\/www.kayak.fr\/Clermont-Ferrand.26467.guide\">https:\/\/www.kayak.fr\/Clermont-Ferrand.26467.guide<\/a><\/p>\n","protected":false},"excerpt":{"rendered":"<p>Depuis sa naissance, La Petite Gaillarde a bien grandi ! Des artistes de tous les horizons se sont pench\u00e9s sur&hellip; <a class=\"read-more\" href=\"https:\/\/lapetitegaillarde.fr\/\">Lire la suite <span class=\"screen-reader-text\">Bienvenue \u00e0 la Petite Gaillarde<\/span><\/a><\/p>\n","protected":false},"author":1,"featured_media":0,"parent":0,"menu_order":0,"comment_status":"closed","ping_status":"open","template":"","meta":{"footnotes":""},"class_list":["post-2","page","type-page","status-publish","hentry"],"_links":{"self":[{"href":"https:\/\/lapetitegaillarde.fr\/index.php?rest_route=\/wp\/v2\/pages\/2","targetHints":{"allow":["GET"]}}],"collection":[{"href":"https:\/\/lapetitegaillarde.fr\/index.php?rest_route=\/wp\/v2\/pages"}],"about":[{"href":"https:\/\/lapetitegaillarde.fr\/index.php?rest_route=\/wp\/v2\/types\/page"}],"author":[{"embeddable":true,"href":"https:\/\/lapetitegaillarde.fr\/index.php?rest_route=\/wp\/v2\/users\/1"}],"replies":[{"embeddable":true,"href":"https:\/\/lapetitegaillarde.fr\/index.php?rest_route=%2Fwp%2Fv2%2Fcomments&post=2"}],"version-history":[{"count":59,"href":"https:\/\/lapetitegaillarde.fr\/index.php?rest_route=\/wp\/v2\/pages\/2\/revisions"}],"predecessor-version":[{"id":3199,"href":"https:\/\/lapetitegaillarde.fr\/index.php?rest_route=\/wp\/v2\/pages\/2\/revisions\/3199"}],"wp:attachment":[{"href":"https:\/\/lapetitegaillarde.fr\/index.php?rest_route=%2Fwp%2Fv2%2Fmedia&parent=2"}],"curies":[{"name":"wp","href":"https:\/\/api.w.org\/{rel}","templated":true}]}}