{"id":152,"date":"2016-04-03T14:49:46","date_gmt":"2016-04-03T14:49:46","guid":{"rendered":"http:\/\/lapetitegaillarde.fr\/?page_id=152"},"modified":"2021-12-14T08:22:04","modified_gmt":"2021-12-14T08:22:04","slug":"venez","status":"publish","type":"page","link":"https:\/\/lapetitegaillarde.fr\/?page_id=152","title":{"rendered":"Et pour venir &#8230;"},"content":{"rendered":"<p><strong>\u00a0<\/strong><\/p>\n<h3><strong>La Petite Gaillarde<\/strong><\/h3>\n<p><strong>9 rue Abb\u00e9 Banier<\/strong><br \/><strong>63000 CLERMONT-FERRAND<\/strong><\/p>\n<p>Localisation : \u00a0La Petite Gaillarde est situ\u00e9e \u00e0 proximit\u00e9 de la Place Gaillard. \u00a0 \u00a0 \u00a0 \u00a0 \u00a0 \u00a0 \u00a0 \u00a0 \u00a0 \u00a0 \u00a0 \u00a0 \u00a0 \u00a0 \u00a0 \u00a0 \u00a0 \u00a0 \u00a0 \u00a0 \u00a0 \u00a0 \u00a0 \u00a0 La rue Abb\u00e9 Banier est perpendiculaire \u00e0 la rue Gaultier de Biauzat.\u00a0<\/p>\n<p>Arr\u00eat de tram : <strong>H\u00f4tel de ville \u00a0<\/strong>ou<strong> Gaillard<\/strong><\/p>\n<p>Stationnement : <strong>Parking Cath\u00e9drale Poterne<\/strong>, rue Saint H\u00e9rem 63000 Clermont-Ferrand\u00a0<\/p>\n<p>Des difficult\u00e9s pour nous trouver ? Appeler au <a href=\"tel:0473360536\"><strong title=\"04 73 36 05 36\">0473360536\u00a0<\/strong><\/a><\/p>\n<p>\u00a0<\/p>\n\n\n<iframe src=\"https:\/\/www.google.com\/maps\/embed?pb=!1m14!1m8!1m3!1d11130.078001744403!2d3.0830964!3d45.7808191!3m2!1i1024!2i768!4f13.1!3m3!1m2!1s0x0%3A0x3ec039884474d491!2sLa%20Petite%20Gaillarde!5e0!3m2!1sfr!2sfr!4v1638801752914!5m2!1sfr!2sfr\" width=\"600\" height=\"450\" style=\"border:0;\" allowfullscreen=\"\" loading=\"lazy\"><\/iframe>\n","protected":false},"excerpt":{"rendered":"<p>\u00a0 La Petite Gaillarde 9 rue Abb\u00e9 Banier63000 CLERMONT-FERRAND Localisation : \u00a0La Petite Gaillarde est situ\u00e9e \u00e0 proximit\u00e9 de la&hellip; <a class=\"read-more\" href=\"https:\/\/lapetitegaillarde.fr\/?page_id=152\">Lire la suite <span class=\"screen-reader-text\">Et pour venir &#8230;<\/span><\/a><\/p>\n","protected":false},"author":1,"featured_media":0,"parent":0,"menu_order":0,"comment_status":"closed","ping_status":"closed","template":"","meta":{"footnotes":""},"class_list":["post-152","page","type-page","status-publish","hentry"],"_links":{"self":[{"href":"https:\/\/lapetitegaillarde.fr\/index.php?rest_route=\/wp\/v2\/pages\/152","targetHints":{"allow":["GET"]}}],"collection":[{"href":"https:\/\/lapetitegaillarde.fr\/index.php?rest_route=\/wp\/v2\/pages"}],"about":[{"href":"https:\/\/lapetitegaillarde.fr\/index.php?rest_route=\/wp\/v2\/types\/page"}],"author":[{"embeddable":true,"href":"https:\/\/lapetitegaillarde.fr\/index.php?rest_route=\/wp\/v2\/users\/1"}],"replies":[{"embeddable":true,"href":"https:\/\/lapetitegaillarde.fr\/index.php?rest_route=%2Fwp%2Fv2%2Fcomments&post=152"}],"version-history":[{"count":53,"href":"https:\/\/lapetitegaillarde.fr\/index.php?rest_route=\/wp\/v2\/pages\/152\/revisions"}],"predecessor-version":[{"id":2146,"href":"https:\/\/lapetitegaillarde.fr\/index.php?rest_route=\/wp\/v2\/pages\/152\/revisions\/2146"}],"wp:attachment":[{"href":"https:\/\/lapetitegaillarde.fr\/index.php?rest_route=%2Fwp%2Fv2%2Fmedia&parent=152"}],"curies":[{"name":"wp","href":"https:\/\/api.w.org\/{rel}","templated":true}]}}